{"id":5240,"date":"2024-07-03T16:43:46","date_gmt":"2024-07-03T16:43:46","guid":{"rendered":"https:\/\/nova.webtarragona.es\/politica-de-cookies\/"},"modified":"2024-07-10T11:35:44","modified_gmt":"2024-07-10T11:35:44","slug":"politica-de-cookies","status":"publish","type":"page","link":"https:\/\/autoescolanova.cat\/es\/politica-de-cookies\/","title":{"rendered":"Pol\u00edtica de cookies"},"content":{"rendered":"\t\t<div data-elementor-type=\"wp-page\" data-elementor-id=\"5240\" class=\"elementor elementor-5240 elementor-4783\">\n\t\t\t\t<div class=\"elementor-element elementor-element-3c4c120 e-con-full e-flex e-con e-parent\" data-id=\"3c4c120\" data-element_type=\"container\" data-e-type=\"container\">\n\t\t\t\t<div class=\"elementor-element elementor-element-24cbba6 elementor-widget elementor-widget-heading\" data-id=\"24cbba6\" data-element_type=\"widget\" data-e-type=\"widget\" data-widget_type=\"heading.default\">\n\t\t\t\t<div class=\"elementor-widget-container\">\n\t\t\t\t\t<h1 class=\"elementor-heading-title elementor-size-default\">pol\u00edtica de cookies<\/h1>\t\t\t\t<\/div>\n\t\t\t\t<\/div>\n\t\t\t\t<div class=\"elementor-element elementor-element-7d21d05 elementor-widget elementor-widget-text-editor\" data-id=\"7d21d05\" data-element_type=\"widget\" data-e-type=\"widget\" data-widget_type=\"text-editor.default\">\n\t\t\t\t<div class=\"elementor-widget-container\">\n\t\t\t\t\t\t\t\t\t<p>El dominio <strong>autoescolanova.cat<\/strong> utiliza procedimientos autom\u00e1ticos de recogida <strong>\u00abCookies\u00bb<\/strong> para reunir informaci\u00f3n personal como puede ser el tipo de navegador o sistema operativo, p\u00e1gina de referencia, ruta, dominio\u00a0ISSP, etc. Todo esto con el fin de mejorar los servicios prestados. Las \u00abCookies\u00bb nos ayudan a adaptar esta p\u00e1gina web a sus necesidades personales.<\/p><p>Este sitio web utiliza cookies. Utilizamos cookies para personalizar el contenido y los anuncios, ofrecer funciones de medios sociales y analizar el tr\u00e1fico del lugar. Tambi\u00e9n compartimos la informaci\u00f3n sobre c\u00f3mo us\u00e1is nuestra web con los partners de medios sociales, de publicidad y de an\u00e1lisis con quien colaboramos. A su vez, ellos la pueden combinar con otros datos que los hay\u00e1is proporcionado o hayan recopilado a partir del uso que hab\u00e9is hecho de sus servicios.<\/p><p>Las cookies son peque\u00f1os archivos de texto que los sitios web pueden utilizar porque el usuario pueda hacer un uso m\u00e1s eficiente.<\/p><p>La ley establece que podemos almacenar cookies en vuestro dispositivo si son estrictamente necesarias para el funcionamiento de este lugar. Para todos los otros tipos de cookies nos hace falta vuestro permiso.<\/p><p>Este sitio web utiliza diferentes tipos de cookies. En alguna ocasi\u00f3n, las cookies que aparecen en nuestras p\u00e1ginas provienen de servicios de terceros.<\/p><p>En cualquier momento, usted podr\u00e1 cambiar o retirar su consentimiento de la Declaraci\u00f3n sobre uso de cookies a nuestro sitio web.<\/p><p>Puede obtener m\u00e1s informaci\u00f3n sobre nosotros, sobre c\u00f3mo contactarnos y sobre nuestra forma de procesar fechas personales a nuestra Pol\u00edtica de privacidad.<\/p><p>Por favor, en el momento de contactar con nosotros en relaci\u00f3n a vuestro consentimiento, haced constar la identificaci\u00f3n y la fecha.<\/p><p>Vuestro consentimiento se aplica a los dominios siguientes: <strong>autoescolanova.cat.<\/strong><\/p><p>\u00daltima actualizaci\u00f3n de la declaraci\u00f3n de cookies 28\/6\/23\u00a0by\u00a0Cookiebot:<\/p><p>Requerimientos (1)<\/p><p>Las cookies necesarias ayudan a hacer los sitios web m\u00e1s accesibles y permiten las funciones b\u00e1sicas como la navegaci\u00f3n o el acceso en las \u00e1reas seguras del sitio web. El sitio web no puede funcionar sin estas cookies.<\/p><table class=\"CookieDeclarationTable\"><colgroup> <col \/> <col \/> <col \/> <col \/> <col \/><\/colgroup><thead><tr><th class=\"CookieDeclarationTableHeader\" dir=\"ltr\" scope=\"col\">Nom<\/th><th class=\"CookieDeclarationTableHeader\" dir=\"ltr\" scope=\"col\">Prove\u00efdor<\/th><th class=\"CookieDeclarationTableHeader\" dir=\"ltr\" scope=\"col\">Prop\u00f2sit<\/th><th class=\"CookieDeclarationTableHeader\" dir=\"ltr\" scope=\"col\">Caducitat<\/th><th class=\"CookieDeclarationTableHeader\" dir=\"ltr\" scope=\"col\">Tipus<\/th><\/tr><\/thead><tbody><tr><td class=\"CookieDeclarationTableCell\">CookieConsent<\/td><td class=\"CookieDeclarationTableCell\"><a title=\"pol\u00edtica de privacitat de Cookiebot\" href=\"https:\/\/www.cookiebot.com\/goto\/privacy-policy\/\" target=\"_blank\" rel=\"noopener noreferrer nofollow\">Cookiebot<\/a><\/td><td class=\"CookieDeclarationTableCell\">Stores the user&#8217;s cookie consent state for the current domain<\/td><td class=\"CookieDeclarationTableCell\">1 anys<\/td><td class=\"CookieDeclarationTableCell\">HTTP Cookie<\/td><\/tr><\/tbody><\/table><p>\u00a0<\/p><div class=\"traductor-textarea form-group\"><div class=\"textarea-desti col-xs-12 col-sm-6\"><h2 class=\"form-control second-textarea\">Qu\u00e9 son las Cookies?<\/h2><ul><li>Una <strong>\u00abCookie\u00bb<\/strong> es un peque\u00f1o archivo que se almacena al ordenador del usuario y nos permite reconocer. El conjunto de \u00abCookies\u00bb nos ayuda a mejorar la calidad de nuestra web permiti\u00e9ndonos as\u00ed personalizar hasta cierto punto la navegaci\u00f3n de cada usuario por nuestra web. Las <strong>\u00abCookies\u00bb<\/strong> actualmente son esenciales para el funcionamiento de Internet, aportando innumerables ventajas en la prestaci\u00f3n de servicios interactivos, facilitando la navegaci\u00f3n y utilizaci\u00f3n de nuestra web.<p>Record\u00e1is que las <strong>\u00abCookies\u00bb<\/strong> no pueden da\u00f1ar su equipo y que, a cambio, el hecho que est\u00e9n activadas nos ayudan a identificar y resolver los errores y mejorar la navegabilidad de nuestro sitio web proporcionando una mejor experiencia.<\/p><p>Se utilizan <strong>Cookies<\/strong> para:<\/p><\/li><li>Asegurar que las p\u00e1ginas web puedan funcionar correctamente.<\/li><li>Almacenar las preferencias, como el idioma o la medida de la letra.<\/li><li>Conocer la experiencia de navegaci\u00f3n del usuario.<\/li><li>Recopilar informaci\u00f3n estad\u00edstica an\u00f3nima, como qu\u00e9 p\u00e1ginas ha visitado el usuario o cuanto de tiempo ha estado en el sitio web.<\/li><\/ul><h2>Tipolog\u00eda, finalidad y funcionamiento<\/h2><p>Las Cookies, en funci\u00f3n de su permanencia, pueden dividirse en cookies de sesi\u00f3n o permanentes. Las primeras expiran cuando el usuario cierra el navegador. Las segundas expiran cuando se cumple el objetivo por el cual sirven o bien cuando se borran manualmente.<\/p><p>Adem\u00e1s, en funci\u00f3n de su objetivo, las Cookies se pueden clasificar de la forma siguiente:<\/p><p><strong>Requeridas:<\/strong> son aquellas estrictamente necesarias e imprescindibles para el correcto funcionamiento de la p\u00e1gina web. Normalmente se generan cuando el usuario accede al sitio web o inicia sesi\u00f3n en el mismo y se utiliza para identificar en el sitio web con los siguientes objetivos:<\/p><p>&#8211; Mantienen el usuario identificado de forma que, si abandona el sitio web, el navegador o el dispositivo y en otro momento vuelve a acceder a la misma p\u00e1gina, seguir\u00e1 identificado, facilitando as\u00ed su navegaci\u00f3n sin tener que volver a identificar.<\/p><p>&#8211; Comprobar si el usuario este autorizado para acceder a ciertos servicios o zonas del sitio web.<\/p><p><strong>De preferencia:<\/strong> Permiten registrar en el sitio web toda aquella informaci\u00f3n relacionada con la forma en que se comporta la web o su aspecto, como por ejemplo el idioma o la regi\u00f3n donde se encuentra.<\/p><p><strong>Estad\u00edsticas \/ anal\u00edticas:<\/strong> Se utilizan para analizar y mejorar la experiencia de navegaci\u00f3n, optimizar el funcionamiento del sitio web y ver como interact\u00faan los visitantes, mediante la recopilaci\u00f3n y notificaci\u00f3n de informaci\u00f3n normalmente de manera an\u00f3nima, aunque a veces tambi\u00e9n permiten identificar de manera \u00fanica e inequ\u00edvoca el usuario para obtener informes sobre los intereses de los usuarios en los servicios que ofrece el sitio web.<\/p><p><strong>De marketing:<\/strong> Son aquellas que recaudan informaci\u00f3n sobre los anuncios mostrados a los usuarios del sitio web. Pueden ser de dos tipos:<\/p><p><strong>An\u00f3nimas:<\/strong> Solo recopilan informaci\u00f3n sobre los espacios publicitarios mostrados en el sitio web, con independencia del usuario que accede sin identificarse expresamente.<\/p><p><strong>Personalizadas:<\/strong> Recopilan informaci\u00f3n personal del usuario del sitio web por parte de un tercero, para la personalizaci\u00f3n de estos espacios publicitarios.<\/p><p><strong>Privacidad adecuada \/ Gesti\u00f3n de cookies:<\/strong><\/p><p>Para mayor informaci\u00f3n sobre la configuraci\u00f3n apropiada de las cookies y las opciones de activaci\u00f3n, restricci\u00f3n y \/ o inhabilitaci\u00f3n se tiene que acudir a la secci\u00f3n de ayuda de su navegador para conocer m\u00e1s:<\/p><\/div><\/div><div class=\"traductor-checkbox form-group\"><div class=\"row\"><div class=\"col-sm-offset-2 col-sm-5\"><table class=\"tab-lopd\" border=\"1\" width=\"100%\" cellspacing=\"0\" cellpadding=\"0\"><tbody><tr><td valign=\"top\"><strong>Google Chrome<\/strong><\/td><td valign=\"top\"><a href=\"http:\/\/support.google.com\/chrome\/bin\/answer.py?hl=es&amp;answer=95647\" target=\"_blank\" rel=\"noopener\">http:\/\/support.google.com\/chrome\/bin\/answer.py?hl=es&amp;answer=95647<\/a><\/td><\/tr><tr><td valign=\"top\"><strong>Internet Explorer<\/strong><\/td><td valign=\"top\"><a href=\"http:\/\/support.microsoft.com\/es-es\/help\/17442\/windows-internet-explorer-delete-manage-cookies\">http:\/\/support.microsoft.com\/es-es\/help\/17442\/windows-internet-explorer-delete-manage-cookies<\/a><\/td><\/tr><tr><td valign=\"top\"><strong>Mozilla Firefox<\/strong><\/td><td valign=\"top\"><a href=\"http:\/\/support.mozilla.org\/es\/kb\/habilitar-y-deshabilitar-cookies-que-los-sitios-we\" target=\"_blank\" rel=\"noopener\">http:\/\/support.mozilla.org\/es\/kb\/habilitar-y-deshabilitar-cookies-que-los-sitios-we<\/a><\/td><\/tr><tr><td valign=\"top\"><strong>Apple Safari<\/strong><\/td><td valign=\"top\"><a href=\"http:\/\/support.apple.com\/kb\/ph5042\" target=\"_blank\" rel=\"noopener\">http:\/\/support.apple.com\/kb\/ph5042<\/a><\/td><\/tr><\/tbody><\/table><\/div><\/div><div>\u00a0<\/div><div class=\"col-sm-5\">El usuario tiene que saber que al desactivar las Cookies, algunas de las funcionalidades y servicios pueden quedar inhabilidades o tener un comportamiento diferente al esperado, como por ejemplo, permanecer identificado, mantener las compras en la cesta, su localizaci\u00f3n, etc. y que se degrade notablemente su navegaci\u00f3n.<\/div><h3 class=\"col-sm-5\">Actualizaci\u00f3n de la Pol\u00edtica de cookies<\/h3><div class=\"col-sm-5\">El responsable de tratamiento puede modificar esta Pol\u00edtica de cookies en funci\u00f3n de exigencias legislativas, reglamentarias, o con el fin de adaptar esta pol\u00edtica a las instrucciones dictadas.<\/div><\/div>\t\t\t\t\t\t\t\t<\/div>\n\t\t\t\t<\/div>\n\t\t\t\t<\/div>\n\t\t\t\t<\/div>\n\t\t","protected":false},"excerpt":{"rendered":"<p>pol\u00edtica de cookies El dominio autoescolanova.cat utiliza procedimientos autom\u00e1ticos de recogida \u00abCookies\u00bb para reunir informaci\u00f3n personal como puede ser el tipo de navegador o sistema operativo, p\u00e1gina de referencia, ruta, dominio\u00a0ISSP, etc. Todo esto con el fin de mejorar los servicios prestados. Las \u00abCookies\u00bb nos ayudan a adaptar esta p\u00e1gina web a sus necesidades personales. [&hellip;]<\/p>\n","protected":false},"author":1,"featured_media":0,"parent":0,"menu_order":0,"comment_status":"closed","ping_status":"closed","template":"","meta":{"_monsterinsights_skip_tracking":false,"_monsterinsights_sitenote_active":false,"_monsterinsights_sitenote_note":"","_monsterinsights_sitenote_category":0,"footnotes":""},"class_list":["post-5240","page","type-page","status-publish","hentry"],"yoast_head":"<!-- This site is optimized with the Yoast SEO plugin v27.3 - https:\/\/yoast.com\/product\/yoast-seo-wordpress\/ -->\n<title>Pol\u00edtica de cookies - Autoescola Nova<\/title>\n<meta name=\"description\" content=\"La autoescola a Tarragona on treure&#039;t el carnet de manera f\u00e0cil, con\u00f2mica i divertida. Carnet de conduir cotxe i moto a Tarragona.\" \/>\n<meta name=\"robots\" content=\"index, follow, max-snippet:-1, max-image-preview:large, max-video-preview:-1\" \/>\n<link rel=\"canonical\" href=\"https:\/\/autoescolanova.cat\/es\/politica-de-cookies\/\" \/>\n<meta property=\"og:locale\" content=\"es_ES\" \/>\n<meta property=\"og:type\" content=\"article\" \/>\n<meta property=\"og:title\" content=\"Pol\u00edtica de cookies - Autoescola Nova\" \/>\n<meta property=\"og:description\" content=\"La autoescola a Tarragona on treure&#039;t el carnet de manera f\u00e0cil, con\u00f2mica i divertida. Carnet de conduir cotxe i moto a Tarragona.\" \/>\n<meta property=\"og:url\" content=\"https:\/\/autoescolanova.cat\/es\/politica-de-cookies\/\" \/>\n<meta property=\"og:site_name\" content=\"Autoescola Nova\" \/>\n<meta property=\"article:modified_time\" content=\"2024-07-10T11:35:44+00:00\" \/>\n<meta name=\"twitter:card\" content=\"summary_large_image\" \/>\n<meta name=\"twitter:label1\" content=\"Tiempo de lectura\" \/>\n\t<meta name=\"twitter:data1\" content=\"5 minutos\" \/>\n<script type=\"application\/ld+json\" class=\"yoast-schema-graph\">{\"@context\":\"https:\\\/\\\/schema.org\",\"@graph\":[{\"@type\":\"WebPage\",\"@id\":\"https:\\\/\\\/autoescolanova.cat\\\/es\\\/politica-de-cookies\\\/\",\"url\":\"https:\\\/\\\/autoescolanova.cat\\\/es\\\/politica-de-cookies\\\/\",\"name\":\"Pol\u00edtica de cookies - Autoescola Nova\",\"isPartOf\":{\"@id\":\"https:\\\/\\\/autoescolanova.cat\\\/es\\\/#website\"},\"datePublished\":\"2024-07-03T16:43:46+00:00\",\"dateModified\":\"2024-07-10T11:35:44+00:00\",\"description\":\"La autoescola a Tarragona on treure't el carnet de manera f\u00e0cil, con\u00f2mica i divertida. Carnet de conduir cotxe i moto a Tarragona.\",\"breadcrumb\":{\"@id\":\"https:\\\/\\\/autoescolanova.cat\\\/es\\\/politica-de-cookies\\\/#breadcrumb\"},\"inLanguage\":\"es\",\"potentialAction\":[{\"@type\":\"ReadAction\",\"target\":[\"https:\\\/\\\/autoescolanova.cat\\\/es\\\/politica-de-cookies\\\/\"]}]},{\"@type\":\"BreadcrumbList\",\"@id\":\"https:\\\/\\\/autoescolanova.cat\\\/es\\\/politica-de-cookies\\\/#breadcrumb\",\"itemListElement\":[{\"@type\":\"ListItem\",\"position\":1,\"name\":\"Inici\",\"item\":\"https:\\\/\\\/autoescolanova.cat\\\/es\\\/\"},{\"@type\":\"ListItem\",\"position\":2,\"name\":\"Pol\u00edtica de cookies\"}]},{\"@type\":\"WebSite\",\"@id\":\"https:\\\/\\\/autoescolanova.cat\\\/es\\\/#website\",\"url\":\"https:\\\/\\\/autoescolanova.cat\\\/es\\\/\",\"name\":\"Autoescola Nova - Autoescola a Tarragona\",\"description\":\"Be free with Nova\",\"publisher\":{\"@id\":\"https:\\\/\\\/autoescolanova.cat\\\/es\\\/#organization\"},\"alternateName\":\"Autoescola Nova\",\"potentialAction\":[{\"@type\":\"SearchAction\",\"target\":{\"@type\":\"EntryPoint\",\"urlTemplate\":\"https:\\\/\\\/autoescolanova.cat\\\/es\\\/?s={search_term_string}\"},\"query-input\":{\"@type\":\"PropertyValueSpecification\",\"valueRequired\":true,\"valueName\":\"search_term_string\"}}],\"inLanguage\":\"es\"},{\"@type\":\"Organization\",\"@id\":\"https:\\\/\\\/autoescolanova.cat\\\/es\\\/#organization\",\"name\":\"Autoescola Nova\",\"alternateName\":\"Autoescola Nova\",\"url\":\"https:\\\/\\\/autoescolanova.cat\\\/es\\\/\",\"logo\":{\"@type\":\"ImageObject\",\"inLanguage\":\"es\",\"@id\":\"https:\\\/\\\/autoescolanova.cat\\\/es\\\/#\\\/schema\\\/logo\\\/image\\\/\",\"url\":\"https:\\\/\\\/autoescolanova.cat\\\/wp-content\\\/uploads\\\/2024\\\/06\\\/cropped-logo-full.png\",\"contentUrl\":\"https:\\\/\\\/autoescolanova.cat\\\/wp-content\\\/uploads\\\/2024\\\/06\\\/cropped-logo-full.png\",\"width\":356,\"height\":173,\"caption\":\"Autoescola Nova\"},\"image\":{\"@id\":\"https:\\\/\\\/autoescolanova.cat\\\/es\\\/#\\\/schema\\\/logo\\\/image\\\/\"},\"sameAs\":[\"https:\\\/\\\/www.instagram.com\\\/autoescola_nova\\\/\"]}]}<\/script>\n<!-- \/ Yoast SEO plugin. -->","yoast_head_json":{"title":"Pol\u00edtica de cookies - Autoescola Nova","description":"La autoescola a Tarragona on treure't el carnet de manera f\u00e0cil, con\u00f2mica i divertida. Carnet de conduir cotxe i moto a Tarragona.","robots":{"index":"index","follow":"follow","max-snippet":"max-snippet:-1","max-image-preview":"max-image-preview:large","max-video-preview":"max-video-preview:-1"},"canonical":"https:\/\/autoescolanova.cat\/es\/politica-de-cookies\/","og_locale":"es_ES","og_type":"article","og_title":"Pol\u00edtica de cookies - Autoescola Nova","og_description":"La autoescola a Tarragona on treure't el carnet de manera f\u00e0cil, con\u00f2mica i divertida. Carnet de conduir cotxe i moto a Tarragona.","og_url":"https:\/\/autoescolanova.cat\/es\/politica-de-cookies\/","og_site_name":"Autoescola Nova","article_modified_time":"2024-07-10T11:35:44+00:00","twitter_card":"summary_large_image","twitter_misc":{"Tiempo de lectura":"5 minutos"},"schema":{"@context":"https:\/\/schema.org","@graph":[{"@type":"WebPage","@id":"https:\/\/autoescolanova.cat\/es\/politica-de-cookies\/","url":"https:\/\/autoescolanova.cat\/es\/politica-de-cookies\/","name":"Pol\u00edtica de cookies - Autoescola Nova","isPartOf":{"@id":"https:\/\/autoescolanova.cat\/es\/#website"},"datePublished":"2024-07-03T16:43:46+00:00","dateModified":"2024-07-10T11:35:44+00:00","description":"La autoescola a Tarragona on treure't el carnet de manera f\u00e0cil, con\u00f2mica i divertida. Carnet de conduir cotxe i moto a Tarragona.","breadcrumb":{"@id":"https:\/\/autoescolanova.cat\/es\/politica-de-cookies\/#breadcrumb"},"inLanguage":"es","potentialAction":[{"@type":"ReadAction","target":["https:\/\/autoescolanova.cat\/es\/politica-de-cookies\/"]}]},{"@type":"BreadcrumbList","@id":"https:\/\/autoescolanova.cat\/es\/politica-de-cookies\/#breadcrumb","itemListElement":[{"@type":"ListItem","position":1,"name":"Inici","item":"https:\/\/autoescolanova.cat\/es\/"},{"@type":"ListItem","position":2,"name":"Pol\u00edtica de cookies"}]},{"@type":"WebSite","@id":"https:\/\/autoescolanova.cat\/es\/#website","url":"https:\/\/autoescolanova.cat\/es\/","name":"Autoescola Nova - Autoescola a Tarragona","description":"Be free with Nova","publisher":{"@id":"https:\/\/autoescolanova.cat\/es\/#organization"},"alternateName":"Autoescola Nova","potentialAction":[{"@type":"SearchAction","target":{"@type":"EntryPoint","urlTemplate":"https:\/\/autoescolanova.cat\/es\/?s={search_term_string}"},"query-input":{"@type":"PropertyValueSpecification","valueRequired":true,"valueName":"search_term_string"}}],"inLanguage":"es"},{"@type":"Organization","@id":"https:\/\/autoescolanova.cat\/es\/#organization","name":"Autoescola Nova","alternateName":"Autoescola Nova","url":"https:\/\/autoescolanova.cat\/es\/","logo":{"@type":"ImageObject","inLanguage":"es","@id":"https:\/\/autoescolanova.cat\/es\/#\/schema\/logo\/image\/","url":"https:\/\/autoescolanova.cat\/wp-content\/uploads\/2024\/06\/cropped-logo-full.png","contentUrl":"https:\/\/autoescolanova.cat\/wp-content\/uploads\/2024\/06\/cropped-logo-full.png","width":356,"height":173,"caption":"Autoescola Nova"},"image":{"@id":"https:\/\/autoescolanova.cat\/es\/#\/schema\/logo\/image\/"},"sameAs":["https:\/\/www.instagram.com\/autoescola_nova\/"]}]}},"_links":{"self":[{"href":"https:\/\/autoescolanova.cat\/es\/wp-json\/wp\/v2\/pages\/5240","targetHints":{"allow":["GET"]}}],"collection":[{"href":"https:\/\/autoescolanova.cat\/es\/wp-json\/wp\/v2\/pages"}],"about":[{"href":"https:\/\/autoescolanova.cat\/es\/wp-json\/wp\/v2\/types\/page"}],"author":[{"embeddable":true,"href":"https:\/\/autoescolanova.cat\/es\/wp-json\/wp\/v2\/users\/1"}],"replies":[{"embeddable":true,"href":"https:\/\/autoescolanova.cat\/es\/wp-json\/wp\/v2\/comments?post=5240"}],"version-history":[{"count":0,"href":"https:\/\/autoescolanova.cat\/es\/wp-json\/wp\/v2\/pages\/5240\/revisions"}],"wp:attachment":[{"href":"https:\/\/autoescolanova.cat\/es\/wp-json\/wp\/v2\/media?parent=5240"}],"curies":[{"name":"wp","href":"https:\/\/api.w.org\/{rel}","templated":true}]}}